{"id":7170,"date":"2026-05-05T08:47:08","date_gmt":"2026-05-05T06:47:08","guid":{"rendered":"https:\/\/medican.sprava.pdg.sk\/?page_id=7170"},"modified":"2026-05-06T18:48:18","modified_gmt":"2026-05-06T16:48:18","slug":"operating-rooms","status":"publish","type":"page","link":"https:\/\/www.medican.sk\/en\/operating-rooms\/","title":{"rendered":"Operating rooms"},"content":{"rendered":"\t\t<div data-elementor-type=\"wp-page\" data-elementor-id=\"7170\" class=\"elementor elementor-7170 elementor-7169\" data-elementor-post-type=\"page\">\n\t\t\t\t\t\t<section data-dce-background-image-url=\"https:\/\/www.medican.sk\/wp-content\/uploads\/sites\/19\/2026\/05\/rsz_22-2.webp\" class=\"elementor-section elementor-top-section elementor-element elementor-element-396cc0ec elementor-section-height-min-height elementor-reverse-tablet elementor-section-boxed elementor-section-height-default elementor-section-items-middle\" data-id=\"396cc0ec\" data-element_type=\"section\" data-e-type=\"section\" id=\"top\" data-settings=\"{&quot;background_background&quot;:&quot;classic&quot;}\">\n\t\t\t\t\t\t\t<div class=\"elementor-background-overlay\"><\/div>\n\t\t\t\t\t\t\t<div class=\"elementor-container elementor-column-gap-default\">\n\t\t\t\t\t<div class=\"elementor-column elementor-col-100 elementor-top-column elementor-element elementor-element-90ac3f9\" data-id=\"90ac3f9\" data-element_type=\"column\" data-e-type=\"column\">\n\t\t\t<div class=\"elementor-widget-wrap elementor-element-populated\">\n\t\t\t\t\t\t<div class=\"elementor-element elementor-element-1fdd10e elementor-widget elementor-widget-heading\" data-id=\"1fdd10e\" data-element_type=\"widget\" data-e-type=\"widget\" data-widget_type=\"heading.default\">\n\t\t\t\t<div class=\"elementor-widget-container\">\n\t\t\t\t\t<h2 class=\"elementor-heading-title elementor-size-default\">Operating rooms<\/h2>\t\t\t\t<\/div>\n\t\t\t\t<\/div>\n\t\t\t\t<div class=\"elementor-element elementor-element-7cb4168 elementor-widget-divider--view-line elementor-widget elementor-widget-global elementor-global-7113 elementor-widget-divider\" data-id=\"7cb4168\" data-element_type=\"widget\" data-e-type=\"widget\" data-widget_type=\"divider.default\">\n\t\t\t\t<div class=\"elementor-widget-container\">\n\t\t\t\t\t\t\t<div class=\"elementor-divider\">\n\t\t\t<span class=\"elementor-divider-separator\">\n\t\t\t\t\t\t<\/span>\n\t\t<\/div>\n\t\t\t\t\t\t<\/div>\n\t\t\t\t<\/div>\n\t\t\t\t\t<\/div>\n\t\t<\/div>\n\t\t\t\t\t<\/div>\n\t\t<\/section>\n\t\t\t\t<section data-dce-background-overlay-image-url=\"http:\/\/sprava.pdg.sk\/wp-content\/uploads\/sites\/3\/2021\/03\/CTA-Shapes.png\" class=\"elementor-section elementor-top-section elementor-element elementor-element-5916212 elementor-reverse-mobile elementor-section-boxed elementor-section-height-default elementor-section-height-default\" data-id=\"5916212\" data-element_type=\"section\" data-e-type=\"section\" id=\"profil\" data-settings=\"{&quot;background_background&quot;:&quot;classic&quot;,&quot;shape_divider_top&quot;:&quot;waves&quot;}\">\n\t\t\t\t\t\t\t<div class=\"elementor-background-overlay\"><\/div>\n\t\t\t\t\t\t<div class=\"elementor-shape elementor-shape-top\" aria-hidden=\"true\" data-negative=\"false\">\n\t\t\t<svg xmlns=\"http:\/\/www.w3.org\/2000\/svg\" viewBox=\"0 0 1000 100\" preserveAspectRatio=\"none\">\n\t<path class=\"elementor-shape-fill\" d=\"M421.9,6.5c22.6-2.5,51.5,0.4,75.5,5.3c23.6,4.9,70.9,23.5,100.5,35.7c75.8,32.2,133.7,44.5,192.6,49.7\n\tc23.6,2.1,48.7,3.5,103.4-2.5c54.7-6,106.2-25.6,106.2-25.6V0H0v30.3c0,0,72,32.6,158.4,30.5c39.2-0.7,92.8-6.7,134-22.4\n\tc21.2-8.1,52.2-18.2,79.7-24.2C399.3,7.9,411.6,7.5,421.9,6.5z\"\/>\n<\/svg>\t\t<\/div>\n\t\t\t\t\t<div class=\"elementor-container elementor-column-gap-default\">\n\t\t\t\t\t<div class=\"elementor-column elementor-col-100 elementor-top-column elementor-element elementor-element-c8071f8\" data-id=\"c8071f8\" data-element_type=\"column\" data-e-type=\"column\">\n\t\t\t<div class=\"elementor-widget-wrap elementor-element-populated\">\n\t\t\t\t\t\t<div class=\"elementor-element elementor-element-99881c1 elementor-widget__width-initial elementor-widget elementor-widget-text-editor\" data-id=\"99881c1\" data-element_type=\"widget\" data-e-type=\"widget\" data-widget_type=\"text-editor.default\">\n\t\t\t\t<div class=\"elementor-widget-container\">\n\t\t\t\t\t\t\t\t\tOur team of specialists focuses on professional day surgery procedures in fields such as traumatology, arthroscopy of major joints, orthopedics, surgery, and ophthalmology. For these purposes, Medican Clinic operates two fully equipped operating rooms that meet the strictest European standards. The operating rooms located directly within the medical facility, together with outpatient clinics, the diagnostic center, and rehabilitation services, significantly shorten the patient\u2019s treatment and recovery time.\n\t\t\t\t\t\t\t\t<\/div>\n\t\t\t\t<\/div>\n\t\t\t\t\t<\/div>\n\t\t<\/div>\n\t\t\t\t\t<\/div>\n\t\t<\/section>\n\t\t\t\t<section data-dce-background-overlay-image-url=\"http:\/\/sprava.pdg.sk\/wp-content\/uploads\/sites\/3\/2021\/07\/BG-Service-one.png\" class=\"elementor-section elementor-top-section elementor-element elementor-element-669a103 elementor-section-boxed elementor-section-height-default elementor-section-height-default\" data-id=\"669a103\" data-element_type=\"section\" data-e-type=\"section\" data-settings=\"{&quot;background_background&quot;:&quot;classic&quot;}\">\n\t\t\t\t\t\t\t<div class=\"elementor-background-overlay\"><\/div>\n\t\t\t\t\t\t\t<div class=\"elementor-container elementor-column-gap-default\">\n\t\t\t\t\t<div class=\"elementor-column elementor-col-100 elementor-top-column elementor-element elementor-element-67d3993\" data-id=\"67d3993\" data-element_type=\"column\" data-e-type=\"column\">\n\t\t\t<div class=\"elementor-widget-wrap elementor-element-populated\">\n\t\t\t\t\t\t<div class=\"elementor-element elementor-element-f023fbe elementor-widget elementor-widget-heading\" data-id=\"f023fbe\" data-element_type=\"widget\" data-e-type=\"widget\" data-widget_type=\"heading.default\">\n\t\t\t\t<div class=\"elementor-widget-container\">\n\t\t\t\t\t<h2 class=\"elementor-heading-title elementor-size-default\">PHOTOGALLERY<\/h2>\t\t\t\t<\/div>\n\t\t\t\t<\/div>\n\t\t\t\t\t<\/div>\n\t\t<\/div>\n\t\t\t\t\t<\/div>\n\t\t<\/section>\n\t\t\t\t<section data-dce-background-overlay-image-url=\"http:\/\/sprava.pdg.sk\/wp-content\/uploads\/sites\/3\/2021\/08\/BG-Service-one2.png\" class=\"elementor-section elementor-top-section elementor-element elementor-element-05693a3 elementor-section-boxed elementor-section-height-default elementor-section-height-default\" data-id=\"05693a3\" data-element_type=\"section\" data-e-type=\"section\" id=\"fotogaleria\" data-settings=\"{&quot;background_background&quot;:&quot;classic&quot;}\">\n\t\t\t\t\t\t\t<div class=\"elementor-background-overlay\"><\/div>\n\t\t\t\t\t\t\t<div class=\"elementor-container elementor-column-gap-default\">\n\t\t\t\t\t<div class=\"elementor-column elementor-col-100 elementor-top-column elementor-element elementor-element-f125553\" data-id=\"f125553\" data-element_type=\"column\" data-e-type=\"column\">\n\t\t\t<div class=\"elementor-widget-wrap elementor-element-populated\">\n\t\t\t\t\t\t<div class=\"elementor-element elementor-element-7ff4ffc elementor-widget elementor-widget-gallery\" data-id=\"7ff4ffc\" data-element_type=\"widget\" data-e-type=\"widget\" data-settings=\"{&quot;columns_mobile&quot;:&quot;2&quot;,&quot;gap&quot;:{&quot;unit&quot;:&quot;px&quot;,&quot;size&quot;:15,&quot;sizes&quot;:[]},&quot;aspect_ratio&quot;:&quot;1:1&quot;,&quot;lazyload&quot;:&quot;yes&quot;,&quot;gallery_layout&quot;:&quot;grid&quot;,&quot;columns&quot;:4,&quot;columns_tablet&quot;:2,&quot;gap_tablet&quot;:{&quot;unit&quot;:&quot;px&quot;,&quot;size&quot;:10,&quot;sizes&quot;:[]},&quot;gap_mobile&quot;:{&quot;unit&quot;:&quot;px&quot;,&quot;size&quot;:10,&quot;sizes&quot;:[]},&quot;link_to&quot;:&quot;file&quot;,&quot;overlay_background&quot;:&quot;yes&quot;,&quot;content_hover_animation&quot;:&quot;fade-in&quot;}\" data-widget_type=\"gallery.default\">\n\t\t\t\t<div class=\"elementor-widget-container\">\n\t\t\t\t\t\t\t<div class=\"elementor-gallery__container\">\n\t\t\t\t\t\t\t<a class=\"e-gallery-item elementor-gallery-item elementor-animated-content\" href=\"https:\/\/www.medican.sk\/wp-content\/uploads\/sites\/19\/2026\/05\/DSC09954.webp\" data-elementor-open-lightbox=\"yes\" data-elementor-lightbox-slideshow=\"7ff4ffc\" data-elementor-lightbox-title=\"MEDICAN clinic\" data-e-action-hash=\"#elementor-action%3Aaction%3Dlightbox%26settings%3DeyJpZCI6NzE4OCwidXJsIjoiaHR0cHM6XC9cL3d3dy5tZWRpY2FuLnNrXC93cC1jb250ZW50XC91cGxvYWRzXC9zaXRlc1wvMTlcLzIwMjZcLzA1XC9EU0MwOTk1NC53ZWJwIiwic2xpZGVzaG93IjoiN2ZmNGZmYyJ9\">\n\t\t\t\t\t<div class=\"e-gallery-image elementor-gallery-item__image\" data-thumbnail=\"https:\/\/www.medican.sk\/wp-content\/uploads\/sites\/19\/2026\/05\/DSC09954-768x512.webp\" data-width=\"768\" data-height=\"512\" aria-label=\"\" role=\"img\" ><\/div>\n\t\t\t\t\t\t\t\t\t\t\t<div class=\"elementor-gallery-item__overlay\"><\/div>\n\t\t\t\t\t\t\t\t\t\t\t\t\t\t<\/a>\n\t\t\t\t\t\t\t<a class=\"e-gallery-item elementor-gallery-item elementor-animated-content\" href=\"https:\/\/www.medican.sk\/wp-content\/uploads\/sites\/19\/2026\/05\/DSC09953.webp\" data-elementor-open-lightbox=\"yes\" data-elementor-lightbox-slideshow=\"7ff4ffc\" data-elementor-lightbox-title=\"MEDICAN clinic\" data-e-action-hash=\"#elementor-action%3Aaction%3Dlightbox%26settings%3DeyJpZCI6NzE4NiwidXJsIjoiaHR0cHM6XC9cL3d3dy5tZWRpY2FuLnNrXC93cC1jb250ZW50XC91cGxvYWRzXC9zaXRlc1wvMTlcLzIwMjZcLzA1XC9EU0MwOTk1My53ZWJwIiwic2xpZGVzaG93IjoiN2ZmNGZmYyJ9\">\n\t\t\t\t\t<div class=\"e-gallery-image elementor-gallery-item__image\" data-thumbnail=\"https:\/\/www.medican.sk\/wp-content\/uploads\/sites\/19\/2026\/05\/DSC09953-768x512.webp\" data-width=\"768\" data-height=\"512\" aria-label=\"\" role=\"img\" ><\/div>\n\t\t\t\t\t\t\t\t\t\t\t<div class=\"elementor-gallery-item__overlay\"><\/div>\n\t\t\t\t\t\t\t\t\t\t\t\t\t\t<\/a>\n\t\t\t\t\t\t\t<a class=\"e-gallery-item elementor-gallery-item elementor-animated-content\" href=\"https:\/\/www.medican.sk\/wp-content\/uploads\/sites\/19\/2026\/05\/DSC09948.webp\" data-elementor-open-lightbox=\"yes\" data-elementor-lightbox-slideshow=\"7ff4ffc\" data-elementor-lightbox-title=\"MEDICAN clinic\" data-e-action-hash=\"#elementor-action%3Aaction%3Dlightbox%26settings%3DeyJpZCI6NzE4NCwidXJsIjoiaHR0cHM6XC9cL3d3dy5tZWRpY2FuLnNrXC93cC1jb250ZW50XC91cGxvYWRzXC9zaXRlc1wvMTlcLzIwMjZcLzA1XC9EU0MwOTk0OC53ZWJwIiwic2xpZGVzaG93IjoiN2ZmNGZmYyJ9\">\n\t\t\t\t\t<div class=\"e-gallery-image elementor-gallery-item__image\" data-thumbnail=\"https:\/\/www.medican.sk\/wp-content\/uploads\/sites\/19\/2026\/05\/DSC09948-768x512.webp\" data-width=\"768\" data-height=\"512\" aria-label=\"\" role=\"img\" ><\/div>\n\t\t\t\t\t\t\t\t\t\t\t<div class=\"elementor-gallery-item__overlay\"><\/div>\n\t\t\t\t\t\t\t\t\t\t\t\t\t\t<\/a>\n\t\t\t\t\t\t\t<a class=\"e-gallery-item elementor-gallery-item elementor-animated-content\" href=\"https:\/\/www.medican.sk\/wp-content\/uploads\/sites\/19\/2026\/05\/DSC09930.webp\" data-elementor-open-lightbox=\"yes\" data-elementor-lightbox-slideshow=\"7ff4ffc\" data-elementor-lightbox-title=\"MEDICAN clinic\" data-e-action-hash=\"#elementor-action%3Aaction%3Dlightbox%26settings%3DeyJpZCI6NzE4MiwidXJsIjoiaHR0cHM6XC9cL3d3dy5tZWRpY2FuLnNrXC93cC1jb250ZW50XC91cGxvYWRzXC9zaXRlc1wvMTlcLzIwMjZcLzA1XC9EU0MwOTkzMC53ZWJwIiwic2xpZGVzaG93IjoiN2ZmNGZmYyJ9\">\n\t\t\t\t\t<div class=\"e-gallery-image elementor-gallery-item__image\" data-thumbnail=\"https:\/\/www.medican.sk\/wp-content\/uploads\/sites\/19\/2026\/05\/DSC09930-768x512.webp\" data-width=\"768\" data-height=\"512\" aria-label=\"\" role=\"img\" ><\/div>\n\t\t\t\t\t\t\t\t\t\t\t<div class=\"elementor-gallery-item__overlay\"><\/div>\n\t\t\t\t\t\t\t\t\t\t\t\t\t\t<\/a>\n\t\t\t\t\t\t\t<a class=\"e-gallery-item elementor-gallery-item elementor-animated-content\" href=\"https:\/\/www.medican.sk\/wp-content\/uploads\/sites\/19\/2026\/05\/DSC09926.webp\" data-elementor-open-lightbox=\"yes\" data-elementor-lightbox-slideshow=\"7ff4ffc\" data-elementor-lightbox-title=\"MEDICAN clinic\" data-e-action-hash=\"#elementor-action%3Aaction%3Dlightbox%26settings%3DeyJpZCI6NzE4MCwidXJsIjoiaHR0cHM6XC9cL3d3dy5tZWRpY2FuLnNrXC93cC1jb250ZW50XC91cGxvYWRzXC9zaXRlc1wvMTlcLzIwMjZcLzA1XC9EU0MwOTkyNi53ZWJwIiwic2xpZGVzaG93IjoiN2ZmNGZmYyJ9\">\n\t\t\t\t\t<div class=\"e-gallery-image elementor-gallery-item__image\" data-thumbnail=\"https:\/\/www.medican.sk\/wp-content\/uploads\/sites\/19\/2026\/05\/DSC09926-768x512.webp\" data-width=\"768\" data-height=\"512\" aria-label=\"\" role=\"img\" ><\/div>\n\t\t\t\t\t\t\t\t\t\t\t<div class=\"elementor-gallery-item__overlay\"><\/div>\n\t\t\t\t\t\t\t\t\t\t\t\t\t\t<\/a>\n\t\t\t\t\t\t\t<a class=\"e-gallery-item elementor-gallery-item elementor-animated-content\" href=\"https:\/\/www.medican.sk\/wp-content\/uploads\/sites\/19\/2026\/05\/DSC09909.webp\" data-elementor-open-lightbox=\"yes\" data-elementor-lightbox-slideshow=\"7ff4ffc\" data-elementor-lightbox-title=\"MEDICAN clinic\" data-e-action-hash=\"#elementor-action%3Aaction%3Dlightbox%26settings%3DeyJpZCI6NzE3OCwidXJsIjoiaHR0cHM6XC9cL3d3dy5tZWRpY2FuLnNrXC93cC1jb250ZW50XC91cGxvYWRzXC9zaXRlc1wvMTlcLzIwMjZcLzA1XC9EU0MwOTkwOS53ZWJwIiwic2xpZGVzaG93IjoiN2ZmNGZmYyJ9\">\n\t\t\t\t\t<div class=\"e-gallery-image elementor-gallery-item__image\" data-thumbnail=\"https:\/\/www.medican.sk\/wp-content\/uploads\/sites\/19\/2026\/05\/DSC09909-768x512.webp\" data-width=\"768\" data-height=\"512\" aria-label=\"\" role=\"img\" ><\/div>\n\t\t\t\t\t\t\t\t\t\t\t<div class=\"elementor-gallery-item__overlay\"><\/div>\n\t\t\t\t\t\t\t\t\t\t\t\t\t\t<\/a>\n\t\t\t\t\t\t\t<a class=\"e-gallery-item elementor-gallery-item elementor-animated-content\" href=\"https:\/\/www.medican.sk\/wp-content\/uploads\/sites\/19\/2026\/05\/4-3.webp\" data-elementor-open-lightbox=\"yes\" data-elementor-lightbox-slideshow=\"7ff4ffc\" data-elementor-lightbox-title=\"MEDICAN clinic\" data-e-action-hash=\"#elementor-action%3Aaction%3Dlightbox%26settings%3DeyJpZCI6NzE3NiwidXJsIjoiaHR0cHM6XC9cL3d3dy5tZWRpY2FuLnNrXC93cC1jb250ZW50XC91cGxvYWRzXC9zaXRlc1wvMTlcLzIwMjZcLzA1XC80LTMud2VicCIsInNsaWRlc2hvdyI6IjdmZjRmZmMifQ%3D%3D\">\n\t\t\t\t\t<div class=\"e-gallery-image elementor-gallery-item__image\" data-thumbnail=\"https:\/\/www.medican.sk\/wp-content\/uploads\/sites\/19\/2026\/05\/4-3-768x512.webp\" data-width=\"768\" data-height=\"512\" aria-label=\"\" role=\"img\" ><\/div>\n\t\t\t\t\t\t\t\t\t\t\t<div class=\"elementor-gallery-item__overlay\"><\/div>\n\t\t\t\t\t\t\t\t\t\t\t\t\t\t<\/a>\n\t\t\t\t\t\t\t<a class=\"e-gallery-item elementor-gallery-item elementor-animated-content\" href=\"https:\/\/www.medican.sk\/wp-content\/uploads\/sites\/19\/2026\/05\/3-3.webp\" data-elementor-open-lightbox=\"yes\" data-elementor-lightbox-slideshow=\"7ff4ffc\" data-elementor-lightbox-title=\"MEDICAN clinic\" data-e-action-hash=\"#elementor-action%3Aaction%3Dlightbox%26settings%3DeyJpZCI6NzE3NCwidXJsIjoiaHR0cHM6XC9cL3d3dy5tZWRpY2FuLnNrXC93cC1jb250ZW50XC91cGxvYWRzXC9zaXRlc1wvMTlcLzIwMjZcLzA1XC8zLTMud2VicCIsInNsaWRlc2hvdyI6IjdmZjRmZmMifQ%3D%3D\">\n\t\t\t\t\t<div class=\"e-gallery-image elementor-gallery-item__image\" data-thumbnail=\"https:\/\/www.medican.sk\/wp-content\/uploads\/sites\/19\/2026\/05\/3-3-768x512.webp\" data-width=\"768\" data-height=\"512\" aria-label=\"\" role=\"img\" ><\/div>\n\t\t\t\t\t\t\t\t\t\t\t<div class=\"elementor-gallery-item__overlay\"><\/div>\n\t\t\t\t\t\t\t\t\t\t\t\t\t\t<\/a>\n\t\t\t\t\t<\/div>\n\t\t\t\t\t<\/div>\n\t\t\t\t<\/div>\n\t\t\t\t\t<\/div>\n\t\t<\/div>\n\t\t\t\t\t<\/div>\n\t\t<\/section>\n\t\t\t\t<\/div>\n\t\t","protected":false},"excerpt":{"rendered":"<p>Our team of specialists focuses on professional day surgery procedures in fields such as traumatology, arthroscopy of major joints, orthopedics, surgery, and ophthalmology. For these purposes, Medican Clinic operates two fully equipped operating rooms that meet the strictest European standards. The operating rooms located directly within the medical facility, together with outpatient clinics, the diagnostic [&hellip;]<\/p>\n","protected":false},"author":6,"featured_media":7366,"parent":0,"menu_order":0,"comment_status":"closed","ping_status":"closed","template":"","meta":{"footnotes":""},"class_list":["post-7170","page","type-page","status-publish","has-post-thumbnail","hentry"],"yoast_head":"<!-- This site is optimized with the Yoast SEO plugin v27.2 - https:\/\/yoast.com\/product\/yoast-seo-wordpress\/ -->\n<title>Opera\u010dn\u00e9 s\u00e1ly Trnava - S\u00fakromn\u00e1 klinika Medican Clinic<\/title>\n<meta name=\"description\" content=\"N\u00e1\u0161 t\u00edm odborn\u00edkov sa \u0161pecializuje aj na profesion\u00e1lne z\u00e1kroky jednod\u0148ovej chirurgie v odboroch. Kontaktujte a objednajte sa.\" \/>\n<meta name=\"robots\" content=\"index, follow, max-snippet:-1, max-image-preview:large, max-video-preview:-1\" \/>\n<link rel=\"canonical\" href=\"https:\/\/www.medican.sk\/en\/operating-rooms\/\" \/>\n<meta property=\"og:locale\" content=\"en_US\" \/>\n<meta property=\"og:type\" content=\"article\" \/>\n<meta property=\"og:title\" content=\"Opera\u010dn\u00e9 s\u00e1ly Trnava - S\u00fakromn\u00e1 klinika Medican Clinic\" \/>\n<meta property=\"og:description\" content=\"N\u00e1\u0161 t\u00edm odborn\u00edkov sa \u0161pecializuje aj na profesion\u00e1lne z\u00e1kroky jednod\u0148ovej chirurgie v odboroch. Kontaktujte a objednajte sa.\" \/>\n<meta property=\"og:url\" content=\"https:\/\/www.medican.sk\/en\/operating-rooms\/\" \/>\n<meta property=\"og:site_name\" content=\"MEDICAN\" \/>\n<meta property=\"article:modified_time\" content=\"2026-05-06T16:48:18+00:00\" \/>\n<meta property=\"og:image\" content=\"https:\/\/www.medican.sk\/wp-content\/uploads\/sites\/19\/2026\/05\/Medican-clinic-1024x443.png\" \/>\n\t<meta property=\"og:image:width\" content=\"1024\" \/>\n\t<meta property=\"og:image:height\" content=\"443\" \/>\n\t<meta property=\"og:image:type\" content=\"image\/png\" \/>\n<meta name=\"twitter:card\" content=\"summary_large_image\" \/>\n<meta name=\"twitter:label1\" content=\"Est. reading time\" \/>\n\t<meta name=\"twitter:data1\" content=\"1 minute\" \/>\n<script type=\"application\/ld+json\" class=\"yoast-schema-graph\">{\"@context\":\"https:\/\/schema.org\",\"@graph\":[{\"@type\":\"WebPage\",\"@id\":\"https:\/\/www.medican.sk\/en\/operating-rooms\/\",\"url\":\"https:\/\/www.medican.sk\/en\/operating-rooms\/\",\"name\":\"Opera\u010dn\u00e9 s\u00e1ly Trnava - S\u00fakromn\u00e1 klinika Medican Clinic\",\"isPartOf\":{\"@id\":\"https:\/\/www.medican.sk\/en\/#website\"},\"primaryImageOfPage\":{\"@id\":\"https:\/\/www.medican.sk\/en\/operating-rooms\/#primaryimage\"},\"image\":{\"@id\":\"https:\/\/www.medican.sk\/en\/operating-rooms\/#primaryimage\"},\"thumbnailUrl\":\"https:\/\/www.medican.sk\/wp-content\/uploads\/sites\/19\/2026\/05\/Medican-clinic-scaled.png\",\"datePublished\":\"2026-05-05T06:47:08+00:00\",\"dateModified\":\"2026-05-06T16:48:18+00:00\",\"description\":\"N\u00e1\u0161 t\u00edm odborn\u00edkov sa \u0161pecializuje aj na profesion\u00e1lne z\u00e1kroky jednod\u0148ovej chirurgie v odboroch. Kontaktujte a objednajte sa.\",\"breadcrumb\":{\"@id\":\"https:\/\/www.medican.sk\/en\/operating-rooms\/#breadcrumb\"},\"inLanguage\":\"en-US\",\"potentialAction\":[{\"@type\":\"ReadAction\",\"target\":[\"https:\/\/www.medican.sk\/en\/operating-rooms\/\"]}]},{\"@type\":\"ImageObject\",\"inLanguage\":\"en-US\",\"@id\":\"https:\/\/www.medican.sk\/en\/operating-rooms\/#primaryimage\",\"url\":\"https:\/\/www.medican.sk\/wp-content\/uploads\/sites\/19\/2026\/05\/Medican-clinic-scaled.png\",\"contentUrl\":\"https:\/\/www.medican.sk\/wp-content\/uploads\/sites\/19\/2026\/05\/Medican-clinic-scaled.png\",\"width\":2560,\"height\":1108},{\"@type\":\"BreadcrumbList\",\"@id\":\"https:\/\/www.medican.sk\/en\/operating-rooms\/#breadcrumb\",\"itemListElement\":[{\"@type\":\"ListItem\",\"position\":1,\"name\":\"Home\",\"item\":\"https:\/\/www.medican.sk\/en\/\"},{\"@type\":\"ListItem\",\"position\":2,\"name\":\"magnetick\u00e1 rezonancia\"}]},{\"@type\":\"WebSite\",\"@id\":\"https:\/\/www.medican.sk\/en\/#website\",\"url\":\"https:\/\/www.medican.sk\/en\/\",\"name\":\"MEDICAN\",\"description\":\"Nov\u00e1 s\u00fakromn\u00e1 klinika v Trnave\",\"potentialAction\":[{\"@type\":\"SearchAction\",\"target\":{\"@type\":\"EntryPoint\",\"urlTemplate\":\"https:\/\/www.medican.sk\/en\/?s={search_term_string}\"},\"query-input\":{\"@type\":\"PropertyValueSpecification\",\"valueRequired\":true,\"valueName\":\"search_term_string\"}}],\"inLanguage\":\"en-US\"}]}<\/script>\n<!-- \/ Yoast SEO plugin. -->","yoast_head_json":{"title":"Opera\u010dn\u00e9 s\u00e1ly Trnava - S\u00fakromn\u00e1 klinika Medican Clinic","description":"N\u00e1\u0161 t\u00edm odborn\u00edkov sa \u0161pecializuje aj na profesion\u00e1lne z\u00e1kroky jednod\u0148ovej chirurgie v odboroch. Kontaktujte a objednajte sa.","robots":{"index":"index","follow":"follow","max-snippet":"max-snippet:-1","max-image-preview":"max-image-preview:large","max-video-preview":"max-video-preview:-1"},"canonical":"https:\/\/www.medican.sk\/en\/operating-rooms\/","og_locale":"en_US","og_type":"article","og_title":"Opera\u010dn\u00e9 s\u00e1ly Trnava - S\u00fakromn\u00e1 klinika Medican Clinic","og_description":"N\u00e1\u0161 t\u00edm odborn\u00edkov sa \u0161pecializuje aj na profesion\u00e1lne z\u00e1kroky jednod\u0148ovej chirurgie v odboroch. Kontaktujte a objednajte sa.","og_url":"https:\/\/www.medican.sk\/en\/operating-rooms\/","og_site_name":"MEDICAN","article_modified_time":"2026-05-06T16:48:18+00:00","og_image":[{"width":1024,"height":443,"url":"https:\/\/www.medican.sk\/wp-content\/uploads\/sites\/19\/2026\/05\/Medican-clinic-1024x443.png","type":"image\/png"}],"twitter_card":"summary_large_image","twitter_misc":{"Est. reading time":"1 minute"},"schema":{"@context":"https:\/\/schema.org","@graph":[{"@type":"WebPage","@id":"https:\/\/www.medican.sk\/en\/operating-rooms\/","url":"https:\/\/www.medican.sk\/en\/operating-rooms\/","name":"Opera\u010dn\u00e9 s\u00e1ly Trnava - S\u00fakromn\u00e1 klinika Medican Clinic","isPartOf":{"@id":"https:\/\/www.medican.sk\/en\/#website"},"primaryImageOfPage":{"@id":"https:\/\/www.medican.sk\/en\/operating-rooms\/#primaryimage"},"image":{"@id":"https:\/\/www.medican.sk\/en\/operating-rooms\/#primaryimage"},"thumbnailUrl":"https:\/\/www.medican.sk\/wp-content\/uploads\/sites\/19\/2026\/05\/Medican-clinic-scaled.png","datePublished":"2026-05-05T06:47:08+00:00","dateModified":"2026-05-06T16:48:18+00:00","description":"N\u00e1\u0161 t\u00edm odborn\u00edkov sa \u0161pecializuje aj na profesion\u00e1lne z\u00e1kroky jednod\u0148ovej chirurgie v odboroch. Kontaktujte a objednajte sa.","breadcrumb":{"@id":"https:\/\/www.medican.sk\/en\/operating-rooms\/#breadcrumb"},"inLanguage":"en-US","potentialAction":[{"@type":"ReadAction","target":["https:\/\/www.medican.sk\/en\/operating-rooms\/"]}]},{"@type":"ImageObject","inLanguage":"en-US","@id":"https:\/\/www.medican.sk\/en\/operating-rooms\/#primaryimage","url":"https:\/\/www.medican.sk\/wp-content\/uploads\/sites\/19\/2026\/05\/Medican-clinic-scaled.png","contentUrl":"https:\/\/www.medican.sk\/wp-content\/uploads\/sites\/19\/2026\/05\/Medican-clinic-scaled.png","width":2560,"height":1108},{"@type":"BreadcrumbList","@id":"https:\/\/www.medican.sk\/en\/operating-rooms\/#breadcrumb","itemListElement":[{"@type":"ListItem","position":1,"name":"Home","item":"https:\/\/www.medican.sk\/en\/"},{"@type":"ListItem","position":2,"name":"magnetick\u00e1 rezonancia"}]},{"@type":"WebSite","@id":"https:\/\/www.medican.sk\/en\/#website","url":"https:\/\/www.medican.sk\/en\/","name":"MEDICAN","description":"Nov\u00e1 s\u00fakromn\u00e1 klinika v Trnave","potentialAction":[{"@type":"SearchAction","target":{"@type":"EntryPoint","urlTemplate":"https:\/\/www.medican.sk\/en\/?s={search_term_string}"},"query-input":{"@type":"PropertyValueSpecification","valueRequired":true,"valueName":"search_term_string"}}],"inLanguage":"en-US"}]}},"_links":{"self":[{"href":"https:\/\/www.medican.sk\/en\/wp-json\/wp\/v2\/pages\/7170","targetHints":{"allow":["GET"]}}],"collection":[{"href":"https:\/\/www.medican.sk\/en\/wp-json\/wp\/v2\/pages"}],"about":[{"href":"https:\/\/www.medican.sk\/en\/wp-json\/wp\/v2\/types\/page"}],"author":[{"embeddable":true,"href":"https:\/\/www.medican.sk\/en\/wp-json\/wp\/v2\/users\/6"}],"replies":[{"embeddable":true,"href":"https:\/\/www.medican.sk\/en\/wp-json\/wp\/v2\/comments?post=7170"}],"version-history":[{"count":5,"href":"https:\/\/www.medican.sk\/en\/wp-json\/wp\/v2\/pages\/7170\/revisions"}],"predecessor-version":[{"id":7527,"href":"https:\/\/www.medican.sk\/en\/wp-json\/wp\/v2\/pages\/7170\/revisions\/7527"}],"wp:featuredmedia":[{"embeddable":true,"href":"https:\/\/www.medican.sk\/en\/wp-json\/wp\/v2\/media\/7366"}],"wp:attachment":[{"href":"https:\/\/www.medican.sk\/en\/wp-json\/wp\/v2\/media?parent=7170"}],"curies":[{"name":"wp","href":"https:\/\/api.w.org\/{rel}","templated":true}]}}